{"id":135512,"date":"2023-12-27T11:37:59","date_gmt":"2023-12-27T10:37:59","guid":{"rendered":"https:\/\/undsgn.com\/uncode\/?page_id=135512"},"modified":"2026-01-03T13:41:52","modified_gmt":"2026-01-03T13:41:52","slug":"nadine-wick","status":"publish","type":"page","link":"https:\/\/nadinewick.ch\/","title":{"rendered":"nadine wick"},"content":{"rendered":"<div class=\"wpb-content-wrapper\"><p>[vc_row unlock_row_content=&#187;yes&#187; row_height_percent=&#187;0&#8243; override_padding=&#187;yes&#187; h_padding=&#187;0&#8243; top_padding=&#187;0&#8243; bottom_padding=&#187;0&#8243; back_color=&#187;color-xsdn&#187; overlay_alpha=&#187;85&#8243; gutter_size=&#187;4&#8243; column_width_percent=&#187;100&#8243; shift_y=&#187;0&#8243; z_index=&#187;0&#8243; bottom_divider=&#187;gradient&#187; uncode_shortcode_id=&#187;123619&#8243; back_color_type=&#187;uncode-palette&#187; css=&#187;.vc_custom_1721807182955{margin-top: 2px !important;padding-right: 18px !important;padding-left: 18px !important;}&#187;][vc_column column_width_percent=&#187;100&#8243; position_vertical=&#187;middle&#187; gutter_size=&#187;0&#8243; style=&#187;dark&#187; back_color=&#187;color-nhtu&#187; overlay_alpha=&#187;85&#8243; overlay_animated=&#187;yes&#187; radius=&#187;hg&#187; shift_x=&#187;0&#8243; shift_y=&#187;0&#8243; shift_y_down=&#187;0&#8243; z_index=&#187;0&#8243; medium_width=&#187;0&#8243; mobile_width=&#187;0&#8243; css_animation=&#187;bottom-t-top&#187; animation_speed=&#187;1000&#8243; width=&#187;1\/1&#8243; uncode_shortcode_id=&#187;177887&#8243; back_color_type=&#187;uncode-palette&#187; overlay_animated_1_color_type=&#187;uncode-solid&#187; overlay_animated_1_color_solid=&#187;#226ce0&#8243; overlay_animated_2_color_type=&#187;uncode-solid&#187; overlay_animated_2_color_solid=&#187;#ff499e&#187;][vc_empty_space empty_h=&#187;5&#8243;][vc_row_inner row_inner_height_percent=&#187;0&#8243; overlay_alpha=&#187;50&#8243; gutter_size=&#187;2&#8243; shift_y=&#187;0&#8243; z_index=&#187;0&#8243; limit_content=&#187;&#187; uncode_shortcode_id=&#187;617599&#8243;][vc_column_inner column_width_percent=&#187;100&#8243; position_vertical=&#187;bottom&#187; gutter_size=&#187;3&#8243; style=&#187;dark&#187; overlay_alpha=&#187;50&#8243; shift_x=&#187;0&#8243; shift_y=&#187;0&#8243; shift_y_down=&#187;0&#8243; z_index=&#187;0&#8243; medium_visibility=&#187;yes&#187; medium_width=&#187;0&#8243; mobile_visibility=&#187;yes&#187; mobile_width=&#187;0&#8243; width=&#187;2\/12&#8243; uncode_shortcode_id=&#187;209603&#8243; el_class=&#187;skin-links&#187;][vc_empty_space empty_h=&#187;3&#8243;][\/vc_column_inner][vc_column_inner column_width_percent=&#187;100&#8243; position_vertical=&#187;justify&#187; gutter_size=&#187;4&#8243; style=&#187;dark&#187; overlay_alpha=&#187;50&#8243; shift_x=&#187;0&#8243; shift_y=&#187;0&#8243; shift_y_down=&#187;0&#8243; z_index=&#187;0&#8243; medium_width=&#187;0&#8243; mobile_width=&#187;0&#8243; width=&#187;10\/12&#8243; uncode_shortcode_id=&#187;154299&#8243; el_class=&#187;skin-links&#187;][vc_custom_heading text_font=&#187;font-955596&#8243; text_size=&#187;custom&#187; text_weight=&#187;700&#8243; text_height=&#187;fontheight-179065&#8243; text_space=&#187;fontspace-781688&#8243; css_animation=&#187;curtain-words&#187; animation_speed=&#187;1000&#8243; uncode_shortcode_id=&#187;114958&#8243; heading_custom_size=&#187;clamp(30px,12vw,200px)&#187;]nadine<br \/>\nwick[\/vc_custom_heading][vc_icon icon=&#187;fa fa-arrow-down2&#8243; size=&#187;fa-4x&#187; uncode_shortcode_id=&#187;161783&#8243; link=&#187;url:%23intro&#187;][\/vc_icon][\/vc_column_inner][\/vc_row_inner][vc_empty_space empty_h=&#187;5&#8243;][\/vc_column][\/vc_row][vc_row unlock_row_content=&#187;yes&#187; row_height_percent=&#187;0&#8243; override_padding=&#187;yes&#187; h_padding=&#187;4&#8243; top_padding=&#187;5&#8243; bottom_padding=&#187;5&#8243; overlay_alpha=&#187;50&#8243; gutter_size=&#187;3&#8243; column_width_percent=&#187;100&#8243; shift_y=&#187;0&#8243; z_index=&#187;0&#8243; uncode_shortcode_id=&#187;215535&#8243; row_name=&#187;intro&#187;][vc_column column_width_percent=&#187;100&#8243; gutter_size=&#187;5&#8243; style=&#187;dark&#187; overlay_alpha=&#187;50&#8243; shift_x=&#187;0&#8243; shift_y=&#187;0&#8243; shift_y_down=&#187;0&#8243; z_index=&#187;0&#8243; medium_width=&#187;0&#8243; mobile_width=&#187;0&#8243; css_animation=&#187;alpha-anim&#187; animation_speed=&#187;1600&#8243; width=&#187;1\/1&#8243; uncode_shortcode_id=&#187;781350&#8243;][vc_row_inner row_inner_height_percent=&#187;0&#8243; overlay_alpha=&#187;50&#8243; gutter_size=&#187;2&#8243; shift_y=&#187;0&#8243; z_index=&#187;0&#8243; limit_content=&#187;&#187; uncode_shortcode_id=&#187;794684&#8243;][vc_column_inner column_width_percent=&#187;100&#8243; position_vertical=&#187;justify&#187; gutter_size=&#187;3&#8243; overlay_alpha=&#187;50&#8243; shift_x=&#187;0&#8243; shift_y=&#187;0&#8243; shift_y_down=&#187;0&#8243; z_index=&#187;0&#8243; medium_width=&#187;0&#8243; mobile_width=&#187;0&#8243; width=&#187;5\/12&#8243; uncode_shortcode_id=&#187;159159&#8243;][vc_custom_heading heading_semantic=&#187;h3&#8243; text_font=&#187;font-955596&#8243; text_size=&#187;h4&#8243; text_weight=&#187;700&#8243; text_space=&#187;fontspace-781688&#8243; uncode_shortcode_id=&#187;122253&#8243;]Von hier bis da[\/vc_custom_heading][\/vc_column_inner][vc_column_inner width=&#187;7\/12&#8243;][vc_custom_heading heading_semantic=&#187;h4&#8243; text_font=&#187;font-955596&#8243; text_size=&#187;custom&#187; text_weight=&#187;500&#8243; text_height=&#187;fontheight-357766&#8243; text_space=&#187;fontspace-781688&#8243; css_animation=&#187;curtain&#187; animation_speed=&#187;1000&#8243; uncode_shortcode_id=&#187;127056&#8243; heading_custom_size=&#187;clamp(18px,4vw,50px)&#187;]Von Social Media \u00fcber Branding bis zur Webseite. Ich bin eine Multimedia Producerin mit einem H\u00e4ndchen f\u00fcrs Marketing.[\/vc_custom_heading][\/vc_column_inner][\/vc_row_inner][\/vc_column][\/vc_row][vc_row unlock_row_content=&#187;yes&#187; row_height_percent=&#187;0&#8243; override_padding=&#187;yes&#187; h_padding=&#187;4&#8243; top_padding=&#187;5&#8243; bottom_padding=&#187;5&#8243; overlay_alpha=&#187;50&#8243; gutter_size=&#187;2&#8243; column_width_percent=&#187;100&#8243; shift_y=&#187;0&#8243; z_index=&#187;0&#8243; uncode_shortcode_id=&#187;125880&#8243;][vc_column column_width_percent=&#187;100&#8243; gutter_size=&#187;3&#8243; style=&#187;dark&#187; overlay_alpha=&#187;50&#8243; shift_x=&#187;0&#8243; shift_y=&#187;0&#8243; shift_y_down=&#187;0&#8243; z_index=&#187;0&#8243; medium_width=&#187;4&#8243; mobile_width=&#187;0&#8243; css_animation=&#187;alpha-anim&#187; animation_speed=&#187;1600&#8243; width=&#187;4\/12&#8243; uncode_shortcode_id=&#187;134442&#8243;][vc_single_image media=&#187;145881&#8243; media_width_percent=&#187;100&#8243; uncode_shortcode_id=&#187;132540&#8243; title=&#187;Nadine Wick&#187;][\/vc_column][vc_column column_width_percent=&#187;100&#8243; gutter_size=&#187;3&#8243; overlay_alpha=&#187;50&#8243; shift_x=&#187;0&#8243; shift_y=&#187;0&#8243; shift_y_down=&#187;0&#8243; z_index=&#187;0&#8243; medium_visibility=&#187;yes&#187; medium_width=&#187;0&#8243; mobile_visibility=&#187;yes&#187; mobile_width=&#187;0&#8243; width=&#187;1\/12&#8243; uncode_shortcode_id=&#187;503550&#8243;][\/vc_column][vc_column column_width_percent=&#187;100&#8243; position_vertical=&#187;justify&#187; gutter_size=&#187;3&#8243; overlay_alpha=&#187;50&#8243; shift_x=&#187;0&#8243; shift_y=&#187;0&#8243; shift_y_down=&#187;0&#8243; z_index=&#187;0&#8243; medium_width=&#187;4&#8243; mobile_width=&#187;0&#8243; css_animation=&#187;alpha-anim&#187; animation_speed=&#187;1600&#8243; width=&#187;7\/12&#8243; uncode_shortcode_id=&#187;260730&#8243;][vc_row_inner row_inner_height_percent=&#187;0&#8243; overlay_alpha=&#187;50&#8243; gutter_size=&#187;4&#8243; shift_y=&#187;0&#8243; z_index=&#187;0&#8243; limit_content=&#187;&#187; uncode_shortcode_id=&#187;435552&#8243;][vc_column_inner column_width_percent=&#187;100&#8243; gutter_size=&#187;2&#8243; overlay_alpha=&#187;50&#8243; shift_x=&#187;0&#8243; shift_y=&#187;0&#8243; shift_y_down=&#187;0&#8243; z_index=&#187;0&#8243; medium_width=&#187;0&#8243; mobile_width=&#187;0&#8243; width=&#187;1\/1&#8243; uncode_shortcode_id=&#187;448464&#8243;][vc_custom_heading heading_semantic=&#187;h3&#8243; text_font=&#187;font-955596&#8243; text_size=&#187;custom&#187; text_weight=&#187;700&#8243; text_space=&#187;fontspace-781688&#8243; uncode_shortcode_id=&#187;114382&#8243; heading_custom_size=&#187;clamp(25px,6vw,90px)&#187;]Das bin ich[\/vc_custom_heading][vc_custom_heading heading_semantic=&#187;h3&#8243; text_font=&#187;font-955596&#8243; text_size=&#187;custom&#187; text_weight=&#187;500&#8243; text_height=&#187;fontheight-357766&#8243; text_space=&#187;fontspace-781688&#8243; uncode_shortcode_id=&#187;210442&#8243; heading_custom_size=&#187;clamp(18px,4vw,20px)&#187;]<\/p>\n<blockquote>\n<p>Kreativ, aufgestellt und motiviert, das bin ich &#8211; Nadine Wick.<\/p>\n<\/blockquote>\n<p>Menschen weiterzubringen und sie in ihren Visionen zu unterst\u00fctzen bewegt mich. Als Multimedia Producerin weiss ich worauf es bei einem starken Markenauftritt ankommt. Geschichten erz\u00e4hlen, Emotionen erzeugen und Marke st\u00e4rken. Vom Konzept bis zur Umsetzung &#8211; ich bringe alles unter einen Hut.[\/vc_custom_heading][\/vc_column_inner][\/vc_row_inner][\/vc_column][\/vc_row][vc_row unlock_row_content=&#187;yes&#187; row_height_percent=&#187;0&#8243; override_padding=&#187;yes&#187; h_padding=&#187;0&#8243; top_padding=&#187;0&#8243; bottom_padding=&#187;0&#8243; overlay_alpha=&#187;50&#8243; gutter_size=&#187;3&#8243; column_width_percent=&#187;100&#8243; shift_y=&#187;0&#8243; z_index=&#187;0&#8243; uncode_shortcode_id=&#187;956366&#8243; css=&#187;.vc_custom_1721659751289{padding-right: 18px !important;padding-left: 18px !important;}&#187;][vc_column column_width_percent=&#187;100&#8243; gutter_size=&#187;3&#8243; override_padding=&#187;yes&#187; column_padding=&#187;5&#8243; back_color=&#187;color-nhtu&#187; overlay_alpha=&#187;85&#8243; overlay_animated=&#187;yes&#187; overlay_animated_size=&#187;0.7&#8243; radius=&#187;hg&#187; shift_x=&#187;0&#8243; shift_y=&#187;0&#8243; shift_y_down=&#187;0&#8243; z_index=&#187;0&#8243; medium_width=&#187;0&#8243; mobile_width=&#187;0&#8243; width=&#187;1\/1&#8243; uncode_shortcode_id=&#187;118444&#8243; back_color_type=&#187;uncode-palette&#187; overlay_animated_1_color_type=&#187;uncode-solid&#187; overlay_animated_1_color_solid=&#187;#226ce0&#8243; overlay_animated_2_color_type=&#187;uncode-solid&#187; overlay_animated_2_color_solid=&#187;#ff499e&#187;][vc_row_inner row_inner_height_percent=&#187;0&#8243; overlay_alpha=&#187;50&#8243; gutter_size=&#187;2&#8243; shift_y=&#187;0&#8243; z_index=&#187;0&#8243; limit_content=&#187;&#187; uncode_shortcode_id=&#187;209343&#8243;][vc_column_inner column_width_percent=&#187;100&#8243; gutter_size=&#187;4&#8243; style=&#187;dark&#187; overlay_alpha=&#187;50&#8243; shift_x=&#187;0&#8243; shift_y=&#187;0&#8243; shift_y_down=&#187;0&#8243; z_index=&#187;0&#8243; medium_width=&#187;0&#8243; mobile_width=&#187;0&#8243; css_animation=&#187;alpha-anim&#187; animation_speed=&#187;1600&#8243; width=&#187;8\/12&#8243; uncode_shortcode_id=&#187;274020&#8243;][vc_custom_heading text_font=&#187;font-955596&#8243; text_size=&#187;custom&#187; text_weight=&#187;700&#8243; text_space=&#187;fontspace-781688&#8243; uncode_shortcode_id=&#187;119373&#8243; heading_custom_size=&#187;clamp(35px,5vw,90px)&#187;]Kontaktiere mich![\/vc_custom_heading][vc_button size=&#187;btn-lg&#187; radius=&#187;btn-circle&#187; custom_typo=&#187;yes&#187; font_family=&#187;font-955596&#8243; font_weight=&#187;700&#8243; border_width=&#187;0&#8243; icon_position=&#187;right&#187; scale_mobile=&#187;no&#187; icon=&#187;fa fa-arrow-right4&#8243; uncode_shortcode_id=&#187;555812&#8243; link=&#187;url:mailto%3Anadine.wick%40gmx.ch|title:Kontakt|target:_blank&#187;]Kontakt[\/vc_button][\/vc_column_inner][vc_column_inner column_width_percent=&#187;100&#8243; position_vertical=&#187;justify&#187; gutter_size=&#187;3&#8243; overlay_alpha=&#187;50&#8243; shift_x=&#187;0&#8243; shift_y=&#187;0&#8243; shift_y_down=&#187;0&#8243; z_index=&#187;0&#8243; medium_width=&#187;0&#8243; mobile_width=&#187;0&#8243; width=&#187;4\/12&#8243; uncode_shortcode_id=&#187;138846&#8243;][\/vc_column_inner][\/vc_row_inner][vc_row_inner row_inner_height_percent=&#187;0&#8243; overlay_alpha=&#187;50&#8243; gutter_size=&#187;2&#8243; shift_y=&#187;0&#8243; z_index=&#187;0&#8243; limit_content=&#187;&#187; uncode_shortcode_id=&#187;159185&#8243;][vc_column_inner column_width_percent=&#187;100&#8243; gutter_size=&#187;2&#8243; style=&#187;dark&#187; overlay_alpha=&#187;50&#8243; shift_x=&#187;0&#8243; shift_y=&#187;0&#8243; shift_y_down=&#187;0&#8243; z_index=&#187;0&#8243; medium_width=&#187;0&#8243; mobile_width=&#187;0&#8243; width=&#187;1\/2&#8243; uncode_shortcode_id=&#187;557471&#8243;][uncode_copyright][\/vc_column_inner][vc_column_inner column_width_percent=&#187;100&#8243; align_horizontal=&#187;align_right&#187; gutter_size=&#187;3&#8243; overlay_alpha=&#187;50&#8243; shift_x=&#187;0&#8243; shift_y=&#187;0&#8243; shift_y_down=&#187;0&#8243; z_index=&#187;0&#8243; medium_visibility=&#187;yes&#187; medium_width=&#187;0&#8243; mobile_visibility=&#187;yes&#187; mobile_width=&#187;0&#8243; width=&#187;1\/2&#8243; uncode_shortcode_id=&#187;148723&#8243;][\/vc_column_inner][\/vc_row_inner][\/vc_column][\/vc_row]<\/p>\n<\/div>","protected":false},"excerpt":{"rendered":"<p>[vc_row unlock_row_content=&#187;yes&#187; row_height_percent=&#187;0&#8243; override_padding=&#187;yes&#187; h_padding=&#187;0&#8243; top_padding=&#187;0&#8243; bottom_padding=&#187;0&#8243; back_color=&#187;color-xsdn&#187; overlay_alpha=&#187;85&#8243; gutter_size=&#187;4&#8243; column_width_percent=&#187;100&#8243; shift_y=&#187;0&#8243; z_index=&#187;0&#8243; bottom_divider=&#187;gradient&#187; uncode_shortcode_id=&#187;123619&#8243; back_color_type=&#187;uncode-palette&#187; css=&#187;.vc_custom_1721807182955{margin-top: 2px !important;padding-right: 18px [&hellip;]<\/p>\n","protected":false},"author":1,"featured_media":0,"parent":0,"menu_order":0,"comment_status":"closed","ping_status":"closed","template":"","meta":{"footnotes":""},"class_list":["post-135512","page","type-page","status-publish","hentry","page_category-business","page_category-agency","page_category-freelance","page_category-creative"],"yoast_head":"<!-- This site is optimized with the Yoast SEO plugin v27.2 - https:\/\/yoast.com\/product\/yoast-seo-wordpress\/ -->\n<title>nadine wick - Nadine Wick<\/title>\n<meta name=\"description\" content=\"Von Social Media \u00fcber Branding bis zur Webseite. Kreativ, aufgestellt und motiviert, das bin ich - Nadine Wick.\" \/>\n<meta name=\"robots\" content=\"index, follow, max-snippet:-1, max-image-preview:large, max-video-preview:-1\" \/>\n<link rel=\"canonical\" href=\"https:\/\/nadinewick.ch\/\" \/>\n<meta property=\"og:locale\" content=\"de_DE\" \/>\n<meta property=\"og:type\" content=\"article\" \/>\n<meta property=\"og:title\" content=\"nadine wick - Nadine Wick\" \/>\n<meta property=\"og:description\" content=\"Von Social Media \u00fcber Branding bis zur Webseite. Kreativ, aufgestellt und motiviert, das bin ich - Nadine Wick.\" \/>\n<meta property=\"og:url\" content=\"https:\/\/nadinewick.ch\/\" \/>\n<meta property=\"og:site_name\" content=\"Nadine Wick\" \/>\n<meta property=\"article:modified_time\" content=\"2026-01-03T13:41:52+00:00\" \/>\n<meta name=\"twitter:card\" content=\"summary_large_image\" \/>\n<meta name=\"twitter:label1\" content=\"Gesch\u00e4tzte Lesezeit\" \/>\n\t<meta name=\"twitter:data1\" content=\"3\u00a0Minuten\" \/>\n<script type=\"application\/ld+json\" class=\"yoast-schema-graph\">{\"@context\":\"https:\/\/schema.org\",\"@graph\":[{\"@type\":\"WebPage\",\"@id\":\"https:\/\/nadinewick.ch\/\",\"url\":\"https:\/\/nadinewick.ch\/\",\"name\":\"nadine wick - Nadine Wick\",\"isPartOf\":{\"@id\":\"https:\/\/nadinewick.ch\/#website\"},\"datePublished\":\"2023-12-27T10:37:59+00:00\",\"dateModified\":\"2026-01-03T13:41:52+00:00\",\"description\":\"Von Social Media \u00fcber Branding bis zur Webseite. Kreativ, aufgestellt und motiviert, das bin ich - Nadine Wick.\",\"breadcrumb\":{\"@id\":\"https:\/\/nadinewick.ch\/#breadcrumb\"},\"inLanguage\":\"de-CH\",\"potentialAction\":[{\"@type\":\"ReadAction\",\"target\":[\"https:\/\/nadinewick.ch\/\"]}]},{\"@type\":\"BreadcrumbList\",\"@id\":\"https:\/\/nadinewick.ch\/#breadcrumb\",\"itemListElement\":[{\"@type\":\"ListItem\",\"position\":1,\"name\":\"Startseite\",\"item\":\"https:\/\/nadinewick.ch\/\"},{\"@type\":\"ListItem\",\"position\":2,\"name\":\"nadine wick\"}]},{\"@type\":\"WebSite\",\"@id\":\"https:\/\/nadinewick.ch\/#website\",\"url\":\"https:\/\/nadinewick.ch\/\",\"name\":\"Nadine Wick\",\"description\":\"\",\"potentialAction\":[{\"@type\":\"SearchAction\",\"target\":{\"@type\":\"EntryPoint\",\"urlTemplate\":\"https:\/\/nadinewick.ch\/?s={search_term_string}\"},\"query-input\":{\"@type\":\"PropertyValueSpecification\",\"valueRequired\":true,\"valueName\":\"search_term_string\"}}],\"inLanguage\":\"de-CH\"}]}<\/script>\n<!-- \/ Yoast SEO plugin. -->","yoast_head_json":{"title":"nadine wick - Nadine Wick","description":"Von Social Media \u00fcber Branding bis zur Webseite. Kreativ, aufgestellt und motiviert, das bin ich - Nadine Wick.","robots":{"index":"index","follow":"follow","max-snippet":"max-snippet:-1","max-image-preview":"max-image-preview:large","max-video-preview":"max-video-preview:-1"},"canonical":"https:\/\/nadinewick.ch\/","og_locale":"de_DE","og_type":"article","og_title":"nadine wick - Nadine Wick","og_description":"Von Social Media \u00fcber Branding bis zur Webseite. Kreativ, aufgestellt und motiviert, das bin ich - Nadine Wick.","og_url":"https:\/\/nadinewick.ch\/","og_site_name":"Nadine Wick","article_modified_time":"2026-01-03T13:41:52+00:00","twitter_card":"summary_large_image","twitter_misc":{"Gesch\u00e4tzte Lesezeit":"3\u00a0Minuten"},"schema":{"@context":"https:\/\/schema.org","@graph":[{"@type":"WebPage","@id":"https:\/\/nadinewick.ch\/","url":"https:\/\/nadinewick.ch\/","name":"nadine wick - Nadine Wick","isPartOf":{"@id":"https:\/\/nadinewick.ch\/#website"},"datePublished":"2023-12-27T10:37:59+00:00","dateModified":"2026-01-03T13:41:52+00:00","description":"Von Social Media \u00fcber Branding bis zur Webseite. Kreativ, aufgestellt und motiviert, das bin ich - Nadine Wick.","breadcrumb":{"@id":"https:\/\/nadinewick.ch\/#breadcrumb"},"inLanguage":"de-CH","potentialAction":[{"@type":"ReadAction","target":["https:\/\/nadinewick.ch\/"]}]},{"@type":"BreadcrumbList","@id":"https:\/\/nadinewick.ch\/#breadcrumb","itemListElement":[{"@type":"ListItem","position":1,"name":"Startseite","item":"https:\/\/nadinewick.ch\/"},{"@type":"ListItem","position":2,"name":"nadine wick"}]},{"@type":"WebSite","@id":"https:\/\/nadinewick.ch\/#website","url":"https:\/\/nadinewick.ch\/","name":"Nadine Wick","description":"","potentialAction":[{"@type":"SearchAction","target":{"@type":"EntryPoint","urlTemplate":"https:\/\/nadinewick.ch\/?s={search_term_string}"},"query-input":{"@type":"PropertyValueSpecification","valueRequired":true,"valueName":"search_term_string"}}],"inLanguage":"de-CH"}]}},"_links":{"self":[{"href":"https:\/\/nadinewick.ch\/index.php?rest_route=\/wp\/v2\/pages\/135512","targetHints":{"allow":["GET"]}}],"collection":[{"href":"https:\/\/nadinewick.ch\/index.php?rest_route=\/wp\/v2\/pages"}],"about":[{"href":"https:\/\/nadinewick.ch\/index.php?rest_route=\/wp\/v2\/types\/page"}],"author":[{"embeddable":true,"href":"https:\/\/nadinewick.ch\/index.php?rest_route=\/wp\/v2\/users\/1"}],"replies":[{"embeddable":true,"href":"https:\/\/nadinewick.ch\/index.php?rest_route=%2Fwp%2Fv2%2Fcomments&post=135512"}],"version-history":[{"count":57,"href":"https:\/\/nadinewick.ch\/index.php?rest_route=\/wp\/v2\/pages\/135512\/revisions"}],"predecessor-version":[{"id":146213,"href":"https:\/\/nadinewick.ch\/index.php?rest_route=\/wp\/v2\/pages\/135512\/revisions\/146213"}],"wp:attachment":[{"href":"https:\/\/nadinewick.ch\/index.php?rest_route=%2Fwp%2Fv2%2Fmedia&parent=135512"}],"curies":[{"name":"wp","href":"https:\/\/api.w.org\/{rel}","templated":true}]}}